{"id":425,"date":"2024-01-27T12:21:38","date_gmt":"2024-01-27T11:21:38","guid":{"rendered":"https:\/\/torosmountain.com\/?page_id=425"},"modified":"2024-07-14T22:22:25","modified_gmt":"2024-07-14T21:22:25","slug":"impressum","status":"publish","type":"page","link":"https:\/\/torosmountain.com\/en\/impressum","title":{"rendered":"Imprint"},"content":{"rendered":"<div data-elementor-type=\"wp-page\" data-elementor-id=\"425\" class=\"elementor elementor-425\" data-elementor-post-type=\"page\">\n\t\t\t\t\t\t<section class=\"elementor-section elementor-top-section elementor-element elementor-element-2ac99b1 elementor-section-boxed elementor-section-height-default elementor-section-height-default\" data-id=\"2ac99b1\" data-element_type=\"section\">\n\t\t\t\t\t\t<div class=\"elementor-container elementor-column-gap-default\">\n\t\t\t\t\t<div class=\"elementor-column elementor-col-100 elementor-top-column elementor-element elementor-element-5a9ee5f\" data-id=\"5a9ee5f\" data-element_type=\"column\">\n\t\t\t<div class=\"elementor-widget-wrap elementor-element-populated\">\n\t\t\t\t\t\t<div class=\"elementor-element elementor-element-7cbbf16 elementor-widget elementor-widget-heading\" data-id=\"7cbbf16\" data-element_type=\"widget\" data-widget_type=\"heading.default\">\n\t\t\t\t<div class=\"elementor-widget-container\">\n\t\t\t\t\t<h1 class=\"elementor-heading-title elementor-size-default\">Imprint<\/h1>\t\t\t\t<\/div>\n\t\t\t\t<\/div>\n\t\t\t\t\t<\/div>\n\t\t<\/div>\n\t\t\t\t\t<\/div>\n\t\t<\/section>\n\t\t\t\t<section class=\"elementor-section elementor-top-section elementor-element elementor-element-a33ed82 elementor-section-boxed elementor-section-height-default elementor-section-height-default\" data-id=\"a33ed82\" data-element_type=\"section\">\n\t\t\t\t\t\t<div class=\"elementor-container elementor-column-gap-default\">\n\t\t\t\t\t<div class=\"elementor-column elementor-col-100 elementor-top-column elementor-element elementor-element-0cd3241\" data-id=\"0cd3241\" data-element_type=\"column\">\n\t\t\t<div class=\"elementor-widget-wrap elementor-element-populated\">\n\t\t\t\t\t\t<div class=\"elementor-element elementor-element-5b3d43a elementor-widget__width-initial elementor-widget elementor-widget-text-editor\" data-id=\"5b3d43a\" data-element_type=\"widget\" data-widget_type=\"text-editor.default\">\n\t\t\t\t<div class=\"elementor-widget-container\">\n\t\t\t\t\t\t\t\t\t<p><span style=\"background-color: var( --e-global-color-044b931 ); color: var( --e-global-color-secondary ); font-family: var( --e-global-typography-text-font-family ), Sans-serif; font-size: var( --e-global-typography-text-font-size ); font-style: var( --e-global-typography-b2ce6af-font-style ); font-weight: var( --e-global-typography-text-font-weight ); letter-spacing: var( --e-global-typography-b2ce6af-letter-spacing ); text-transform: var( --e-global-typography-b2ce6af-text-transform ); word-spacing: var( --e-global-typography-b2ce6af-word-spacing );\">I<\/span><span style=\"background-color: var( --e-global-color-044b931 ); color: var( --e-global-color-secondary ); font-family: var( --e-global-typography-text-font-family ), Sans-serif; font-size: var( --e-global-typography-text-font-size ); font-style: var( --e-global-typography-b2ce6af-font-style ); letter-spacing: var( --e-global-typography-b2ce6af-letter-spacing ); text-transform: var( --e-global-typography-b2ce6af-text-transform ); word-spacing: var( --e-global-typography-b2ce6af-word-spacing );\"><b>nformation according to \u00a7 5 TMG:<\/b><\/span><\/p>\n<p><span style=\"color: var( --e-global-color-secondary ); font-family: var( --e-global-typography-text-font-family ), Sans-serif; font-size: var( --e-global-typography-text-font-size ); font-weight: var( --e-global-typography-text-font-weight ); background-color: var( --e-global-color-044b931 ); font-style: var( --e-global-typography-b2ce6af-font-style ); letter-spacing: var( --e-global-typography-b2ce6af-letter-spacing ); text-transform: var( --e-global-typography-b2ce6af-text-transform ); word-spacing: var( --e-global-typography-b2ce6af-word-spacing );\">BDT Infrastructure Services<\/span><br><\/p>\n<p><span style=\"color: var( --e-global-color-secondary ); font-family: var( --e-global-typography-text-font-family ), Sans-serif; font-size: var( --e-global-typography-text-font-size ); font-weight: var( --e-global-typography-text-font-weight ); background-color: var( --e-global-color-044b931 ); font-style: var( --e-global-typography-b2ce6af-font-style ); letter-spacing: var( --e-global-typography-b2ce6af-letter-spacing ); text-transform: var( --e-global-typography-b2ce6af-text-transform ); word-spacing: var( --e-global-typography-b2ce6af-word-spacing );\">Gerresheimer Stra\u00dfe 86<\/span><\/p>\n<p>40233 D\u00fcsseldorf<\/p>\n<p><br><\/p>\n<p><b>Contact:<\/b><\/p>\n<p><b style=\"color: var( --e-global-color-secondary ); font-family: var( --e-global-typography-text-font-family ), Sans-serif; font-size: var( --e-global-typography-text-font-size ); background-color: var( --e-global-color-044b931 ); font-style: var( --e-global-typography-b2ce6af-font-style ); letter-spacing: var( --e-global-typography-b2ce6af-letter-spacing ); text-transform: var( --e-global-typography-b2ce6af-text-transform ); word-spacing: var( --e-global-typography-b2ce6af-word-spacing );\">Phone:<\/b><span style=\"color: var( --e-global-color-secondary ); font-family: var( --e-global-typography-text-font-family ), Sans-serif; font-size: var( --e-global-typography-text-font-size ); font-weight: var( --e-global-typography-text-font-weight ); background-color: var( --e-global-color-044b931 ); font-style: var( --e-global-typography-b2ce6af-font-style ); letter-spacing: var( --e-global-typography-b2ce6af-letter-spacing ); text-transform: var( --e-global-typography-b2ce6af-text-transform ); word-spacing: var( --e-global-typography-b2ce6af-word-spacing );\"> +49 211 822 00 80<\/span><br><\/p>\n<p><b>E-mail:<\/b> hi@torosmountain.com<\/p>\n<p><br><\/p>\n<p><b>Represented by:<\/b><\/p>\n<p><span style=\"background-color: var( --e-global-color-044b931 ); color: var( --e-global-color-secondary ); font-family: var( --e-global-typography-text-font-family ), Sans-serif; font-size: var( --e-global-typography-text-font-size ); font-style: var( --e-global-typography-b2ce6af-font-style ); font-weight: var( --e-global-typography-text-font-weight ); letter-spacing: var( --e-global-typography-b2ce6af-letter-spacing ); text-transform: var( --e-global-typography-b2ce6af-text-transform ); word-spacing: var( --e-global-typography-b2ce6af-word-spacing );\">Gesch\u00e4ftsf\u00fchrer<\/span><\/p>\n<p><span style=\"background-color: var( --e-global-color-044b931 ); color: var( --e-global-color-secondary ); font-family: var( --e-global-typography-text-font-family ), Sans-serif; font-size: var( --e-global-typography-text-font-size ); font-style: var( --e-global-typography-b2ce6af-font-style ); font-weight: var( --e-global-typography-text-font-weight ); letter-spacing: var( --e-global-typography-b2ce6af-letter-spacing ); text-transform: var( --e-global-typography-b2ce6af-text-transform ); word-spacing: var( --e-global-typography-b2ce6af-word-spacing );\">Mehmet Y\u00fcksel<\/span><\/p><p><span style=\"background-color: var( --e-global-color-044b931 ); color: var( --e-global-color-secondary ); font-family: var( --e-global-typography-text-font-family ), Sans-serif; font-size: var( --e-global-typography-text-font-size ); font-style: var( --e-global-typography-b2ce6af-font-style ); font-weight: var( --e-global-typography-text-font-weight ); letter-spacing: var( --e-global-typography-b2ce6af-letter-spacing ); text-transform: var( --e-global-typography-b2ce6af-text-transform ); word-spacing: var( --e-global-typography-b2ce6af-word-spacing );\">Steuer-ID:&nbsp;<\/span><span style=\"color: var( --e-global-color-secondary ); font-family: var( --e-global-typography-text-font-family ), Sans-serif; font-size: var( --e-global-typography-text-font-size ); font-weight: var( --e-global-typography-text-font-weight ); background-color: var( --e-global-color-044b931 ); font-style: var( --e-global-typography-b2ce6af-font-style ); letter-spacing: var( --e-global-typography-b2ce6af-letter-spacing ); text-transform: var( --e-global-typography-b2ce6af-text-transform ); word-spacing: var( --e-global-typography-b2ce6af-word-spacing );\">133\/5807\/3882<\/span><\/p>\n<p><b>USt-ID:&nbsp;<\/b><span style=\"color: var( --e-global-color-secondary ); font-family: var( --e-global-typography-text-font-family ), Sans-serif; font-size: var( --e-global-typography-text-font-size ); font-weight: var( --e-global-typography-text-font-weight ); background-color: var( --e-global-color-044b931 ); font-style: var( --e-global-typography-b2ce6af-font-style ); letter-spacing: var( --e-global-typography-b2ce6af-letter-spacing ); text-transform: var( --e-global-typography-b2ce6af-text-transform ); word-spacing: var( --e-global-typography-b2ce6af-word-spacing );\">DE364948055<\/span><\/p>\n<p><br><\/p>\n<p><b>Sales tax identification number according to \u00a727 a sales tax law:<\/b><\/p>\n<p>DE123456789<\/p>\n<p><br><\/p>\n<p><b>Responsible for the content according to \u00a7 55 Abs. 2 RStV:<\/b><\/p>\n<p><span style=\"color: var( --e-global-color-secondary ); font-family: var( --e-global-typography-text-font-family ), Sans-serif; font-size: var( --e-global-typography-text-font-size ); font-weight: var( --e-global-typography-text-font-weight ); background-color: var( --e-global-color-044b931 ); font-style: var( --e-global-typography-b2ce6af-font-style ); letter-spacing: var( --e-global-typography-b2ce6af-letter-spacing ); text-transform: var( --e-global-typography-b2ce6af-text-transform ); word-spacing: var( --e-global-typography-b2ce6af-word-spacing );\">BDT Infrastructure Services<\/span><br><\/p><p><span style=\"color: var( --e-global-color-secondary ); font-family: var( --e-global-typography-text-font-family ), Sans-serif; font-size: var( --e-global-typography-text-font-size ); font-weight: var( --e-global-typography-text-font-weight ); background-color: var( --e-global-color-044b931 ); font-style: var( --e-global-typography-b2ce6af-font-style ); letter-spacing: var( --e-global-typography-b2ce6af-letter-spacing ); text-transform: var( --e-global-typography-b2ce6af-text-transform ); word-spacing: var( --e-global-typography-b2ce6af-word-spacing );\">Gerresheimer Stra\u00dfe 86<\/span><\/p><p>40233 D\u00fcsseldorf<\/p>\n<p><br><\/p>\n<p><b>Exclusion of liability (disclaimer):<\/b><\/p>\n<p><br><\/p>\n<p><b>Liability for content<\/b><\/p>\n<p><span style=\"color: var( --e-global-color-secondary ); font-family: var( --e-global-typography-text-font-family ), Sans-serif; font-size: var( --e-global-typography-text-font-size ); font-weight: var( --e-global-typography-text-font-weight ); background-color: var( --e-global-color-044b931 ); font-style: var( --e-global-typography-b2ce6af-font-style ); letter-spacing: var( --e-global-typography-b2ce6af-letter-spacing ); text-transform: var( --e-global-typography-b2ce6af-text-transform ); word-spacing: var( --e-global-typography-b2ce6af-word-spacing );\">The content of our website has been created with the utmost care. However, we cannot accept any liability for the accuracy, completeness and topicality of the content. As a service provider, we are responsible for our own content on these pages in accordance with \u00a7 7 (1) TMG (German Telemedia Act) and general laws. According to \u00a7\u00a7 8 to 10 TMG, however, we as a service provider are not obliged to monitor transmitted or stored third-party information or to investigate circumstances that indicate illegal activity. Obligations to remove or block the use of information in accordance with general legislation remain unaffected by this. However, liability in this respect is only possible from the time of knowledge of a specific infringement. As soon as we become aware of such infringements, we will remove this content immediately.<\/span><br><\/p>\n<p><br><\/p>\n<p><b>Liability for links<\/b><\/p>\n<p><span style=\"color: var( --e-global-color-secondary ); font-family: var( --e-global-typography-text-font-family ), Sans-serif; font-size: var( --e-global-typography-text-font-size ); font-weight: var( --e-global-typography-text-font-weight ); background-color: var( --e-global-color-044b931 ); font-style: var( --e-global-typography-b2ce6af-font-style ); letter-spacing: var( --e-global-typography-b2ce6af-letter-spacing ); text-transform: var( --e-global-typography-b2ce6af-text-transform ); word-spacing: var( --e-global-typography-b2ce6af-word-spacing );\">Our website contains links to external third-party websites over whose content we have no influence. Therefore, we cannot accept any liability for this third-party content. The respective provider or operator of the pages is always responsible for the content of the linked pages. The linked pages were checked for possible legal violations at the time of linking. Illegal contents were not recognisable at the time of linking. However, permanent monitoring of the content of the linked pages is not reasonable without concrete evidence of an infringement. If we become aware of any legal infringements, we will remove such links immediately.<\/span><br><\/p>\n<p><br><\/p>\n<p><b>Copyright<\/b><\/p>\n<p><span style=\"color: var( --e-global-color-secondary ); font-family: var( --e-global-typography-text-font-family ), Sans-serif; font-size: var( --e-global-typography-text-font-size ); font-weight: var( --e-global-typography-text-font-weight ); background-color: var( --e-global-color-044b931 ); font-style: var( --e-global-typography-b2ce6af-font-style ); letter-spacing: var( --e-global-typography-b2ce6af-letter-spacing ); text-transform: var( --e-global-typography-b2ce6af-text-transform ); word-spacing: var( --e-global-typography-b2ce6af-word-spacing );\">The content and works created by the site operators on these pages are subject to German copyright law. Duplication, processing, distribution and any kind of utilisation outside the limits of copyright law require the written consent of the respective author or creator. Downloads and copies of this site are only permitted for private, non-commercial use. Insofar as the content on this site was not created by the operator, the copyrights of third parties are respected. In particular, third-party content is labelled as such. Should you nevertheless become aware of a copyright infringement, please inform us accordingly. If we become aware of any infringements, we will remove such content immediately.<\/span><br><\/p>\t\t\t\t\t\t\t\t<\/div>\n\t\t\t\t<\/div>\n\t\t\t\t\t<\/div>\n\t\t<\/div>\n\t\t\t\t\t<\/div>\n\t\t<\/section>\n\t\t\t\t<\/div>","protected":false},"excerpt":{"rendered":"<p>Imprint Information according to \u00a7 5 TMG: BDT Infrastructure Services Gerresheimer Stra\u00dfe 86 40233 D\u00fcsseldorf Contact: Phone: +49 211 822 00 80 E-mail: hi@torosmountain.com Represented by: Gesch\u00e4ftsf\u00fchrer Mehmet Y\u00fcksel Steuer-ID:&nbsp;133\/5807\/3882 USt-ID:&nbsp;DE364948055 Sales tax identification number according to \u00a727 a sales tax law: DE123456789 Responsible for the content according to \u00a7 55 Abs. 2 RStV: BDT [&hellip;]<\/p>","protected":false},"author":2,"featured_media":0,"parent":0,"menu_order":0,"comment_status":"closed","ping_status":"closed","template":"elementor_canvas","meta":{"content-type":"","footnotes":""},"class_list":["post-425","page","type-page","status-publish","hentry"],"yoast_head":"<!-- This site is optimized with the Yoast SEO plugin v25.7 - https:\/\/yoast.com\/wordpress\/plugins\/seo\/ -->\n<title>Imprint - Torosmountain<\/title>\n<meta name=\"robots\" content=\"index, follow, max-snippet:-1, max-image-preview:large, max-video-preview:-1\" \/>\n<link rel=\"canonical\" href=\"https:\/\/torosmountain.com\/en\/impressum\/\" \/>\n<meta property=\"og:locale\" content=\"en_US\" \/>\n<meta property=\"og:type\" content=\"article\" \/>\n<meta property=\"og:title\" content=\"Imprint - Torosmountain\" \/>\n<meta property=\"og:description\" content=\"Imprint Information according to \u00a7 5 TMG: BDT Infrastructure Services Gerresheimer Stra\u00dfe 86 40233 D\u00fcsseldorf Contact: Phone: +49 211 822 00 80 E-mail: hi@torosmountain.com Represented by: Gesch\u00e4ftsf\u00fchrer Mehmet Y\u00fcksel Steuer-ID:&nbsp;133\/5807\/3882 USt-ID:&nbsp;DE364948055 Sales tax identification number according to \u00a727 a sales tax law: DE123456789 Responsible for the content according to \u00a7 55 Abs. 2 RStV: BDT [&hellip;]\" \/>\n<meta property=\"og:url\" content=\"https:\/\/torosmountain.com\/en\/impressum\/\" \/>\n<meta property=\"og:site_name\" content=\"Torosmountain\" \/>\n<meta property=\"article:modified_time\" content=\"2024-07-14T21:22:25+00:00\" \/>\n<meta name=\"twitter:card\" content=\"summary_large_image\" \/>\n<meta name=\"twitter:label1\" content=\"Est. reading time\" \/>\n\t<meta name=\"twitter:data1\" content=\"2 minutes\" \/>\n<script type=\"application\/ld+json\" class=\"yoast-schema-graph\">{\"@context\":\"https:\/\/schema.org\",\"@graph\":[{\"@type\":\"WebPage\",\"@id\":\"https:\/\/torosmountain.com\/impressum\",\"url\":\"https:\/\/torosmountain.com\/impressum\",\"name\":\"Imprint - Torosmountain\",\"isPartOf\":{\"@id\":\"https:\/\/torosmountain.com\/#website\"},\"datePublished\":\"2024-01-27T11:21:38+00:00\",\"dateModified\":\"2024-07-14T21:22:25+00:00\",\"breadcrumb\":{\"@id\":\"https:\/\/torosmountain.com\/impressum#breadcrumb\"},\"inLanguage\":\"en-US\",\"potentialAction\":[{\"@type\":\"ReadAction\",\"target\":[\"https:\/\/torosmountain.com\/impressum\"]}]},{\"@type\":\"BreadcrumbList\",\"@id\":\"https:\/\/torosmountain.com\/impressum#breadcrumb\",\"itemListElement\":[{\"@type\":\"ListItem\",\"position\":1,\"name\":\"Home\",\"item\":\"https:\/\/torosmountain.com\/\"},{\"@type\":\"ListItem\",\"position\":2,\"name\":\"Imprint\"}]},{\"@type\":\"WebSite\",\"@id\":\"https:\/\/torosmountain.com\/#website\",\"url\":\"https:\/\/torosmountain.com\/\",\"name\":\"Torosmountain\",\"description\":\"\",\"publisher\":{\"@id\":\"https:\/\/torosmountain.com\/#organization\"},\"potentialAction\":[{\"@type\":\"SearchAction\",\"target\":{\"@type\":\"EntryPoint\",\"urlTemplate\":\"https:\/\/torosmountain.com\/?s={search_term_string}\"},\"query-input\":{\"@type\":\"PropertyValueSpecification\",\"valueRequired\":true,\"valueName\":\"search_term_string\"}}],\"inLanguage\":\"en-US\"},{\"@type\":\"Organization\",\"@id\":\"https:\/\/torosmountain.com\/#organization\",\"name\":\"Torosmountain\",\"url\":\"https:\/\/torosmountain.com\/\",\"logo\":{\"@type\":\"ImageObject\",\"inLanguage\":\"en-US\",\"@id\":\"https:\/\/torosmountain.com\/#\/schema\/logo\/image\/\",\"url\":\"https:\/\/torosmountain.com\/wp-content\/uploads\/2023\/09\/TM_logos-02-1.png\",\"contentUrl\":\"https:\/\/torosmountain.com\/wp-content\/uploads\/2023\/09\/TM_logos-02-1.png\",\"width\":5000,\"height\":3000,\"caption\":\"Torosmountain\"},\"image\":{\"@id\":\"https:\/\/torosmountain.com\/#\/schema\/logo\/image\/\"},\"sameAs\":[\"https:\/\/www.instagram.com\/torosmountain\/\"]}]}<\/script>\n<!-- \/ Yoast SEO plugin. -->","yoast_head_json":{"title":"Imprint - Torosmountain","robots":{"index":"index","follow":"follow","max-snippet":"max-snippet:-1","max-image-preview":"max-image-preview:large","max-video-preview":"max-video-preview:-1"},"canonical":"https:\/\/torosmountain.com\/en\/impressum\/","og_locale":"en_US","og_type":"article","og_title":"Imprint - Torosmountain","og_description":"Imprint Information according to \u00a7 5 TMG: BDT Infrastructure Services Gerresheimer Stra\u00dfe 86 40233 D\u00fcsseldorf Contact: Phone: +49 211 822 00 80 E-mail: hi@torosmountain.com Represented by: Gesch\u00e4ftsf\u00fchrer Mehmet Y\u00fcksel Steuer-ID:&nbsp;133\/5807\/3882 USt-ID:&nbsp;DE364948055 Sales tax identification number according to \u00a727 a sales tax law: DE123456789 Responsible for the content according to \u00a7 55 Abs. 2 RStV: BDT [&hellip;]","og_url":"https:\/\/torosmountain.com\/en\/impressum\/","og_site_name":"Torosmountain","article_modified_time":"2024-07-14T21:22:25+00:00","twitter_card":"summary_large_image","twitter_misc":{"Est. reading time":"2 minutes"},"schema":{"@context":"https:\/\/schema.org","@graph":[{"@type":"WebPage","@id":"https:\/\/torosmountain.com\/impressum","url":"https:\/\/torosmountain.com\/impressum","name":"Imprint - Torosmountain","isPartOf":{"@id":"https:\/\/torosmountain.com\/#website"},"datePublished":"2024-01-27T11:21:38+00:00","dateModified":"2024-07-14T21:22:25+00:00","breadcrumb":{"@id":"https:\/\/torosmountain.com\/impressum#breadcrumb"},"inLanguage":"en-US","potentialAction":[{"@type":"ReadAction","target":["https:\/\/torosmountain.com\/impressum"]}]},{"@type":"BreadcrumbList","@id":"https:\/\/torosmountain.com\/impressum#breadcrumb","itemListElement":[{"@type":"ListItem","position":1,"name":"Home","item":"https:\/\/torosmountain.com\/"},{"@type":"ListItem","position":2,"name":"Imprint"}]},{"@type":"WebSite","@id":"https:\/\/torosmountain.com\/#website","url":"https:\/\/torosmountain.com\/","name":"Torosmountain","description":"","publisher":{"@id":"https:\/\/torosmountain.com\/#organization"},"potentialAction":[{"@type":"SearchAction","target":{"@type":"EntryPoint","urlTemplate":"https:\/\/torosmountain.com\/?s={search_term_string}"},"query-input":{"@type":"PropertyValueSpecification","valueRequired":true,"valueName":"search_term_string"}}],"inLanguage":"en-US"},{"@type":"Organization","@id":"https:\/\/torosmountain.com\/#organization","name":"Torosmountain","url":"https:\/\/torosmountain.com\/","logo":{"@type":"ImageObject","inLanguage":"en-US","@id":"https:\/\/torosmountain.com\/#\/schema\/logo\/image\/","url":"https:\/\/torosmountain.com\/wp-content\/uploads\/2023\/09\/TM_logos-02-1.png","contentUrl":"https:\/\/torosmountain.com\/wp-content\/uploads\/2023\/09\/TM_logos-02-1.png","width":5000,"height":3000,"caption":"Torosmountain"},"image":{"@id":"https:\/\/torosmountain.com\/#\/schema\/logo\/image\/"},"sameAs":["https:\/\/www.instagram.com\/torosmountain\/"]}]}},"jetpack_sharing_enabled":true,"_links":{"self":[{"href":"https:\/\/torosmountain.com\/en\/wp-json\/wp\/v2\/pages\/425","targetHints":{"allow":["GET"]}}],"collection":[{"href":"https:\/\/torosmountain.com\/en\/wp-json\/wp\/v2\/pages"}],"about":[{"href":"https:\/\/torosmountain.com\/en\/wp-json\/wp\/v2\/types\/page"}],"author":[{"embeddable":true,"href":"https:\/\/torosmountain.com\/en\/wp-json\/wp\/v2\/users\/2"}],"replies":[{"embeddable":true,"href":"https:\/\/torosmountain.com\/en\/wp-json\/wp\/v2\/comments?post=425"}],"version-history":[{"count":0,"href":"https:\/\/torosmountain.com\/en\/wp-json\/wp\/v2\/pages\/425\/revisions"}],"wp:attachment":[{"href":"https:\/\/torosmountain.com\/en\/wp-json\/wp\/v2\/media?parent=425"}],"curies":[{"name":"wp","href":"https:\/\/api.w.org\/{rel}","templated":true}]}}